{"id":315,"date":"2020-01-03T13:27:25","date_gmt":"2020-01-03T11:27:25","guid":{"rendered":"https:\/\/tablita.eu\/lt\/?page_id=315"},"modified":"2020-01-03T13:27:25","modified_gmt":"2020-01-03T11:27:25","slug":"privatumo-politika","status":"publish","type":"page","link":"https:\/\/tablita.eu\/lt\/privatumo-politika\/","title":{"rendered":"PRIVATUMO POLITIKA"},"content":{"rendered":"\n<p><strong>\u0160ioje svetain\u0117je naudojami slapukai<\/strong><\/p>\n\n\n\n<p>Naudojame slapukus, kad gal\u0117tume suasmeninti turin\u012f bei skelbimus, teikti visuomenin\u0117s medijos funkcijas ir analizuoti sraut\u0105. Be to, svetain\u0117s naudojimo informacij\u0105 bendriname su visuomenin\u0117s medijos, reklamavimo ir analiz\u0117s partneriais, kurie gali j\u0105 prid\u0117ti prie kitos j\u016bs\u0173 pateiktos arba naudojant paslaugas surinktos informacijos. Toliau naudodamiesi m\u016bs\u0173 svetaine, j\u016bs sutinkate su m\u016bs\u0173 slapukais.<\/p>\n\n\n\n<p>Slapukai \u2013 tai nedideli tekstiniai failai, kuriuos galima naudoti svetain\u0117se siekiant pagerinti naudotojo patirt\u012f.<\/p>\n\n\n\n<p>Pagal \u012fstatym\u0105 slapukus galime saugoti j\u016bs\u0173 \u012frenginyje tik tuo atveju, jei jie b\u016btini \u0161ios svetain\u0117s veikimui. D\u0117l vis\u0173 kit\u0173 tip\u0173 slapuk\u0173 turime gauti j\u016bs\u0173 leidim\u0105.<\/p>\n\n\n\n<p>\u0160ioje svetain\u0117je naudojami \u012fvairi\u0173 tip\u0173 slapukai. Kai kuriuos slapukus \u012fdeda m\u016bs\u0173 puslapiuose naudojamos tre\u010di\u0173j\u0173 \u0161ali\u0173 tarnybos.<\/p>\n\n\n\n<p>M\u016bs\u0173 svetain\u0117je Slapuk\u0173 deklaracijoje galite bet kada keisti arba atsiimti savo sutikim\u0105.<\/p>\n\n\n\n<p>Su\u017einoti i\u0161samiau, kas mes tokie, kaip su mumis galite susisiekti ir kaip mes apdorojame asmeninius duomenis m\u016bs\u0173 Privatumo politikoje.<\/p>\n\n\n\n<p><strong>B\u016btini<\/strong><\/p>\n\n\n\n<p>Kad svetain\u0119 b\u016bt\u0173 lengviau naudoti, b\u016btinais slapukais aktyvinamos pagrindin\u0117s funkcijos, pavyzd\u017eiui, nar\u0161ymo puslapiuose ir prieigos prie svetain\u0117s apsaugot\u0173 sri\u010di\u0173. Be \u0161i\u0173 slapuk\u0173 svetain\u0117 neveiks tinkamai.<\/p>\n\n\n\n<figure class=\"wp-block-table\"><table class=\"\"><thead><tr><th>Pavadinimas<\/th><th>Teik\u0117jas<\/th><th>Paskirtis<\/th><th>Galiojimo pabaiga<\/th><th>Tipas<\/th><\/tr><\/thead><tbody><tr><td>CookieConsent<\/td><td>tablita.eu<\/td><td>I\u0161saugo lankytojo slapuko sutikimo b\u016bsen\u0105<\/td><td>1 metai<\/td><td>HTTP<\/td><\/tr><\/tbody><\/table><\/figure>\n\n\n\n<p><strong>Statistika<\/strong><\/p>\n\n\n\n<p>Naudodami statistikos slapukus, kurie renka anonimin\u0119 informacija ir teikia jos ataskaitas, svetain\u0117s savininkai gali su\u017einoti, kaip lankytojai s\u0105veikauja su svetaine.<\/p>\n\n\n\n<figure class=\"wp-block-table\"><table class=\"\"><thead><tr><th>Pavadinimas<\/th><th>Teik\u0117jas<\/th><th>Paskirtis<\/th><th>Galiojimo pabaiga<\/th><th>Tipas<\/th><\/tr><\/thead><tbody><tr><td>collect<\/td><td>google-analytics.com<\/td><td>Naudojamas si\u0173sti duomenis \u201eGoogle Analytics\u201c apie lankytojo \u012frengin\u012f ir elgsen\u0105. Stebi lankytoj\u0105 \u012frenginiuose ir rinkodaros kanaluose.<\/td><td>Sesija<\/td><td>Pixel<\/td><\/tr><\/tbody><\/table><\/figure>\n\n\n\n<p><strong>Rinkodara<\/strong><\/p>\n\n\n\n<p>Rinkodaros slapukai naudojami lankytojams sekti daugelyje svetaini\u0173 Tuo siekiama rodyti atskiram naudotojui pritaikytus ir j\u012f dominan\u010dius skelbimus \u2013 tokie skelbimai vertingesni leid\u0117jams ir tre\u010di\u0173j\u0173 \u0161ali\u0173 reklamuotojams.<\/p>\n\n\n\n<figure class=\"wp-block-table\"><table class=\"\"><thead><tr><th>Pavadinimas<\/th><th>Teik\u0117jas<\/th><th>Paskirtis<\/th><th>Galiojimo pabaiga<\/th><th>Tipas<\/th><\/tr><\/thead><tbody><tr><td>IDE<\/td><td>doubleclick.net<\/td><td>\u201eGoogle DoubleClick\u201c naudoja slapuk\u0105, kad u\u017esiregistruot\u0173 ir prane\u0161t\u0173 apie svetain\u0117s naudotoj\u0173 veiksmus, per\u017ei\u016br\u0117jus ar spustel\u0117jus vien\u0105 i\u0161 reklamuotojo skelbim\u0173, siekdami \u012fvertinti skelbimo efektyvum\u0105 ir pateikti vartotojui tikslius skelbimus.<\/td><td>1 metai<\/td><td>HTTP<\/td><\/tr><tr><td>test_cookie<\/td><td>doubleclick.net<\/td><td>Naudojama patikrinti, ar vartotojo nar\u0161ykl\u0117 palaiko slapukus.<\/td><td>1 diena<\/td><td>HTTP<\/td><\/tr><tr><td>ads\/ga-audiences<\/td><td>google.com<\/td><td>Naudoja \u201eGoogle AdWords\u201c, kad pakartotinai \u012ftraukt\u0173 lankytojus, kurie grei\u010diausiai konvertuosis \u012f klientus, atsi\u017evelgiant \u012f lankytoj\u0173 internetin\u012f elges\u012f svetain\u0117se.<\/td><td>Session<\/td><td>Pixel<\/td><\/tr><\/tbody><\/table><\/figure>\n\n\n\n<p><strong>Neklasifikuoti<\/strong><\/p>\n\n\n\n<p>Neklasifikuoti slapukai \u2013 tai tokie slapukai, kuri\u0173 klasifikavim\u0105 vykdome kartu su atskir\u0173 slapuk\u0173 teik\u0117jais.<\/p>\n\n\n\n<figure class=\"wp-block-table\"><table class=\"\"><thead><tr><th>Pavadinimas<\/th><th>Teik\u0117jas<\/th><th>Paskirtis<\/th><th>Galiojimo pabaiga<\/th><th>Tipas<\/th><\/tr><\/thead><tbody><tr><td>caosLocalGa<\/td><td>tablita.eu<\/td><td>Naudoja \u201eGoogle Analytics\u201c lankytoj\u0173 atskyrimui<\/td><td>Sesija<\/td><td>HTTP<\/td><\/tr><tr><td>caosLocalGa_gid<\/td><td>tablita.eu<\/td><td>Naudoja \u201eGoogle Analytics\u201c lankytoj\u0173 atskyrimui<\/td><td>1 diena<\/td><td>HTTP<\/td><\/tr><\/tbody><\/table><\/figure>\n\n\n\n<p><strong>Asmeniniai duomenys<\/strong><\/p>\n\n\n\n<p>Kai nar\u0161ote svetain\u0117je, m\u016bs\u0173 administruojamose socialini\u0173 tinkl\u0173 paskyrose ar susira\u0161in\u0117jimo platformose, mes galime naudoti technologijas (J\u016bs\u0173 nar\u0161ykl\u0117s svetainei pateikiam\u0173 u\u017eklaus\u0173 analiz\u0119, slapukus ir pan.), kurios automati\u0161kai surenka:<\/p>\n\n\n\n<ul class=\"wp-block-list\"><li>Naudojimo duomenis: kai \u012feinate \u012f svetain\u0119, mes galime automati\u0161kai surinkti tam tikrus duomenis apie J\u016bs\u0173 prieig\u0105 prie Svetain\u0117s ir jos naudojim\u0105 (pvz., \u012f\u0117jimo ir i\u0161\u0117jimo nuorod\u0173 URL, turinys ir puslapiai, prie kuri\u0173 J\u016bs prisijungiate Svetain\u0117je, prieigos datos ir laikai ir pan.);<\/li><li>Informacij\u0105 apie \u012frengin\u012f: kai \u012feinate \u012f svetain\u0119, mes galime automati\u0161kai rinkti informacij\u0105 apie J\u016bs\u0173 \u012frengin\u012f ir interneto ry\u0161\u012f (pvz., IP adresus, naudojamo kompiuterio ar mobiliojo prietaiso tip\u0105, operacin\u0117s sistemos versij\u0105, \u012frenginio identifikatori\u0173, nar\u0161ykl\u0117s tip\u0105, kalb\u0105 ir pan.).<\/li><\/ul>\n\n\n\n<p>Kai savo iniciatyva pasinaudojate Svetain\u0117s, Socialinio tinklo (Facebook, Instagram) paskyros ar susira\u0161in\u0117jimo platform\u0173 (Messenger) funkcionalumu (formomis), skirtu pateikti mums paklausimus, arba para\u0161ote \u017einut\u0119 Svetain\u0117je, Socialinio tinklo paskyroje, susira\u0161in\u0117jim\u0173 platformoje (Messenger) ar nurodytais kontaktiniais elektroninio pa\u0161to adresais, renkami \u0161ie J\u016bs\u0173 duomenys:<\/p>\n\n\n\n<ul class=\"wp-block-list\"><li>identifikaciniai duomenys (vardas, pavard\u0117, \u012fmon\u0117 ir pan.);<\/li><li>kontaktiniai duomenys (e-pa\u0161to adresas, telefono numeris ir pan.);<\/li><li>bet kokie kitokie J\u016bs\u0173 iniciatyva pateikti duomenys, kuriuos J\u016bs laikote reik\u0161mingais teikiamo paklausimo ar pasi\u016blymo kontekste.<\/li><\/ul>\n\n\n\n<p>J\u016bs\u0173 pateikt\u0173 paklausim\u0173, pasi\u016blym\u0173 ir elektronini\u0173 pirkim\u0173 informacij\u0105 saugome Lietuvos vyriausiojo archyvaro nustatytais dokument\u0173 saugojimo terminais. Technin\u0117 automati\u0161kai renkama informacija apie lankytojo \u012frengin\u012f (-ius) ir nar\u0161ym\u0105 saugoma 4 savaites.<\/p>\n\n\n\n<p>Jeigu J\u016bs turite klausim\u0173, komentar\u0173 ar nusiskundim\u0173, susijusi\u0173 su tuo, kaip mes renkame, naudojame ir saugome duomenis apie Jus, Jums gali pad\u0117ti m\u016bs\u0173 Duomen\u0173 apsaugos pareig\u016bnas, \u012f kur\u012f galite kreiptis el. pa\u0161tu info@tablita.eu<\/p>\n","protected":false},"excerpt":{"rendered":"<p>\u0160ioje svetain\u0117je naudojami slapukai Naudojame slapukus, kad gal\u0117tume suasmeninti turin\u012f bei skelbimus, teikti visuomenin\u0117s medijos funkcijas ir analizuoti sraut\u0105. Be to, svetain\u0117s naudojimo informacij\u0105 bendriname su visuomenin\u0117s medijos, reklamavimo ir analiz\u0117s partneriais, kurie gali j\u0105 prid\u0117ti prie kitos j\u016bs\u0173 pateiktos arba naudojant paslaugas surinktos informacijos. Toliau naudodamiesi m\u016bs\u0173 svetaine, j\u016bs sutinkate su m\u016bs\u0173 slapukais. Slapukai [&hellip;]<\/p>\n","protected":false},"author":1,"featured_media":0,"parent":0,"menu_order":0,"comment_status":"closed","ping_status":"closed","template":"","meta":{"zakra_sidebar_layout":"customizer","zakra_remove_content_margin":false,"zakra_sidebar":"customizer","zakra_transparent_header":"customizer","zakra_logo":0,"zakra_main_header_style":"default","zakra_menu_item_color":"","zakra_menu_item_hover_color":"","zakra_menu_item_active_color":"","zakra_menu_active_style":"","zakra_page_header":true,"footnotes":""},"class_list":["post-315","page","type-page","status-publish","hentry"],"_links":{"self":[{"href":"https:\/\/tablita.eu\/lt\/wp-json\/wp\/v2\/pages\/315","targetHints":{"allow":["GET"]}}],"collection":[{"href":"https:\/\/tablita.eu\/lt\/wp-json\/wp\/v2\/pages"}],"about":[{"href":"https:\/\/tablita.eu\/lt\/wp-json\/wp\/v2\/types\/page"}],"author":[{"embeddable":true,"href":"https:\/\/tablita.eu\/lt\/wp-json\/wp\/v2\/users\/1"}],"replies":[{"embeddable":true,"href":"https:\/\/tablita.eu\/lt\/wp-json\/wp\/v2\/comments?post=315"}],"version-history":[{"count":1,"href":"https:\/\/tablita.eu\/lt\/wp-json\/wp\/v2\/pages\/315\/revisions"}],"predecessor-version":[{"id":316,"href":"https:\/\/tablita.eu\/lt\/wp-json\/wp\/v2\/pages\/315\/revisions\/316"}],"wp:attachment":[{"href":"https:\/\/tablita.eu\/lt\/wp-json\/wp\/v2\/media?parent=315"}],"curies":[{"name":"wp","href":"https:\/\/api.w.org\/{rel}","templated":true}]}}