{"id":49,"date":"2019-12-12T19:35:26","date_gmt":"2019-12-12T19:35:26","guid":{"rendered":"https:\/\/tablita.eu\/lt\/?page_id=49"},"modified":"2020-03-14T20:04:11","modified_gmt":"2020-03-14T18:04:11","slug":"elementor-49","status":"publish","type":"page","link":"https:\/\/tablita.eu\/lt\/","title":{"rendered":"HOME"},"content":{"rendered":"\t\t<div data-elementor-type=\"wp-post\" data-elementor-id=\"49\" class=\"elementor elementor-49\" data-elementor-post-type=\"page\">\n\t\t\t\t\t\t<section class=\"elementor-section elementor-top-section elementor-element elementor-element-30dae24f elementor-hidden-desktop elementor-section-boxed elementor-section-height-default elementor-section-height-default\" data-id=\"30dae24f\" data-element_type=\"section\">\n\t\t\t\t\t\t<div class=\"elementor-container elementor-column-gap-default\">\n\t\t\t\t\t<div class=\"elementor-column elementor-col-50 elementor-top-column elementor-element elementor-element-1b53329\" data-id=\"1b53329\" data-element_type=\"column\">\n\t\t\t<div class=\"elementor-widget-wrap elementor-element-populated\">\n\t\t\t\t\t\t<div class=\"elementor-element elementor-element-def477c elementor-widget elementor-widget-image\" data-id=\"def477c\" data-element_type=\"widget\" data-widget_type=\"image.default\">\n\t\t\t\t<div class=\"elementor-widget-container\">\n\t\t\t\t\t\t\t\t\t\t\t\t\t\t\t<img decoding=\"async\" width=\"32\" height=\"32\" src=\"https:\/\/tablita.eu\/lt\/wp-content\/uploads\/2020\/03\/English-Language-Flag-1-icon.png\" class=\"attachment-medium_large size-medium_large wp-image-345\" alt=\"\" \/>\t\t\t\t\t\t\t\t\t\t\t\t\t\t\t<\/div>\n\t\t\t\t<\/div>\n\t\t\t\t\t<\/div>\n\t\t<\/div>\n\t\t\t\t<div class=\"elementor-column elementor-col-50 elementor-top-column elementor-element elementor-element-16776510\" data-id=\"16776510\" data-element_type=\"column\">\n\t\t\t<div class=\"elementor-widget-wrap elementor-element-populated\">\n\t\t\t\t\t\t<div class=\"elementor-element elementor-element-3fe2ab94 elementor-align-left elementor-widget elementor-widget-button\" data-id=\"3fe2ab94\" data-element_type=\"widget\" data-widget_type=\"button.default\">\n\t\t\t\t<div class=\"elementor-widget-container\">\n\t\t\t\t\t\t\t\t\t<div class=\"elementor-button-wrapper\">\n\t\t\t\t\t<a class=\"elementor-button elementor-button-link elementor-size-xs\" href=\"https:\/\/tablita.eu\">\n\t\t\t\t\t\t<span class=\"elementor-button-content-wrapper\">\n\t\t\t\t\t\t\t\t\t<span class=\"elementor-button-text\">Tablita EN<\/span>\n\t\t\t\t\t<\/span>\n\t\t\t\t\t<\/a>\n\t\t\t\t<\/div>\n\t\t\t\t\t\t\t\t<\/div>\n\t\t\t\t<\/div>\n\t\t\t\t\t<\/div>\n\t\t<\/div>\n\t\t\t\t\t<\/div>\n\t\t<\/section>\n\t\t\t\t<section class=\"elementor-section elementor-top-section elementor-element elementor-element-a2b0017 elementor-section-boxed elementor-section-height-default elementor-section-height-default\" data-id=\"a2b0017\" data-element_type=\"section\">\n\t\t\t\t\t\t<div class=\"elementor-container elementor-column-gap-default\">\n\t\t\t\t\t<div class=\"elementor-column elementor-col-50 elementor-top-column elementor-element elementor-element-c37c9b8\" data-id=\"c37c9b8\" data-element_type=\"column\">\n\t\t\t<div class=\"elementor-widget-wrap elementor-element-populated\">\n\t\t\t\t\t\t<div class=\"elementor-element elementor-element-79a91e0 elementor-widget elementor-widget-image\" data-id=\"79a91e0\" data-element_type=\"widget\" data-widget_type=\"image.default\">\n\t\t\t\t<div class=\"elementor-widget-container\">\n\t\t\t\t\t\t\t\t\t\t\t\t\t\t\t<img decoding=\"async\" width=\"150\" height=\"150\" src=\"https:\/\/tablita.eu\/lt\/wp-content\/uploads\/2020\/01\/DO-IT-logotipas-WHITE-BG-150x150.png\" class=\"attachment-thumbnail size-thumbnail wp-image-330\" alt=\"\" srcset=\"https:\/\/tablita.eu\/lt\/wp-content\/uploads\/2020\/01\/DO-IT-logotipas-WHITE-BG-150x150.png 150w, https:\/\/tablita.eu\/lt\/wp-content\/uploads\/2020\/01\/DO-IT-logotipas-WHITE-BG.png 256w\" sizes=\"(max-width: 150px) 100vw, 150px\" \/>\t\t\t\t\t\t\t\t\t\t\t\t\t\t\t<\/div>\n\t\t\t\t<\/div>\n\t\t\t\t\t<\/div>\n\t\t<\/div>\n\t\t\t\t<div class=\"elementor-column elementor-col-50 elementor-top-column elementor-element elementor-element-db5d2b2\" data-id=\"db5d2b2\" data-element_type=\"column\">\n\t\t\t<div class=\"elementor-widget-wrap elementor-element-populated\">\n\t\t\t\t\t\t<div class=\"elementor-element elementor-element-7253d29 elementor-widget elementor-widget-text-editor\" data-id=\"7253d29\" data-element_type=\"widget\" data-widget_type=\"text-editor.default\">\n\t\t\t\t<div class=\"elementor-widget-container\">\n\t\t\t\t\t\t\t\t\t<p style=\"text-align: center;\"><span style=\"font-size: 36pt; color: #000000;\">Mes esame,<br \/>Oficialus <\/span><em><span style=\"font-size: 36pt; color: #000000;\">do-it<\/span><\/em><span style=\"font-size: 36pt; color: #000000;\"> produkcijos tiek\u0117jas Lietuvoje.\u00a0<\/span><\/p>\t\t\t\t\t\t\t\t<\/div>\n\t\t\t\t<\/div>\n\t\t\t\t\t<\/div>\n\t\t<\/div>\n\t\t\t\t\t<\/div>\n\t\t<\/section>\n\t\t\t\t<section class=\"elementor-section elementor-top-section elementor-element elementor-element-6471806 elementor-section-stretched elementor-section-boxed elementor-section-height-default elementor-section-height-default\" data-id=\"6471806\" data-element_type=\"section\" data-settings=\"{&quot;stretch_section&quot;:&quot;section-stretched&quot;}\">\n\t\t\t\t\t\t<div class=\"elementor-container elementor-column-gap-default\">\n\t\t\t\t\t<div class=\"elementor-column elementor-col-100 elementor-top-column elementor-element elementor-element-e94b2a5\" data-id=\"e94b2a5\" data-element_type=\"column\">\n\t\t\t<div class=\"elementor-widget-wrap elementor-element-populated\">\n\t\t\t\t\t\t<div class=\"elementor-element elementor-element-eb2388c elementor-widget elementor-widget-text-editor\" data-id=\"eb2388c\" data-element_type=\"widget\" data-widget_type=\"text-editor.default\">\n\t\t\t\t<div class=\"elementor-widget-container\">\n\t\t\t\t\t\t\t\t\t<p style=\"text-align: center;\"><span style=\"color: #000000; font-size: 48px; text-align: start;\">PREKI\u0172 LAIKIKLIAI IR KITI SPRENDIMAI<\/span><\/p>\t\t\t\t\t\t\t\t<\/div>\n\t\t\t\t<\/div>\n\t\t\t\t<div class=\"elementor-element elementor-element-2479e44 elementor-widget elementor-widget-text-editor\" data-id=\"2479e44\" data-element_type=\"widget\" data-widget_type=\"text-editor.default\">\n\t\t\t\t<div class=\"elementor-widget-container\">\n\t\t\t\t\t\t\t\t\t<p style=\"text-align: center;\"><span style=\"color: #000000; font-size: 18pt;\">Prekiaujame plastikiniais lipniais kabliukais, skirtais pakabinti \u012fvairi\u0173 i\u0161matavim\u0173 bei svorio prekes prekybos stenduose.<\/span><\/p><p style=\"text-align: center;\"><span style=\"font-size: 18pt; color: #000000;\">Jeigu J\u016bs\u0173 gaminio pakuot\u0117je &#8222;n\u0117ra u\u017e ko j\u0105 pagaminti&#8221; &#8211; tuomet galime jums pad\u0117ti!<\/span><\/p>\t\t\t\t\t\t\t\t<\/div>\n\t\t\t\t<\/div>\n\t\t\t\t<div class=\"elementor-element elementor-element-881fb63 elementor-widget elementor-widget-spacer\" data-id=\"881fb63\" data-element_type=\"widget\" data-widget_type=\"spacer.default\">\n\t\t\t\t<div class=\"elementor-widget-container\">\n\t\t\t\t\t\t\t<div class=\"elementor-spacer\">\n\t\t\t<div class=\"elementor-spacer-inner\"><\/div>\n\t\t<\/div>\n\t\t\t\t\t\t<\/div>\n\t\t\t\t<\/div>\n\t\t\t\t\t<\/div>\n\t\t<\/div>\n\t\t\t\t\t<\/div>\n\t\t<\/section>\n\t\t\t\t<section class=\"elementor-section elementor-top-section elementor-element elementor-element-065fdd3 elementor-section-stretched elementor-section-boxed elementor-section-height-default elementor-section-height-default\" data-id=\"065fdd3\" data-element_type=\"section\" data-settings=\"{&quot;stretch_section&quot;:&quot;section-stretched&quot;}\">\n\t\t\t\t\t\t<div class=\"elementor-container elementor-column-gap-extended\">\n\t\t\t\t\t<div class=\"elementor-column elementor-col-50 elementor-top-column elementor-element elementor-element-482342f\" data-id=\"482342f\" data-element_type=\"column\">\n\t\t\t<div class=\"elementor-widget-wrap elementor-element-populated\">\n\t\t\t\t\t\t<div class=\"elementor-element elementor-element-e3e25eb gallery-spacing-custom elementor-widget elementor-widget-image-gallery\" data-id=\"e3e25eb\" data-element_type=\"widget\" data-widget_type=\"image-gallery.default\">\n\t\t\t\t<div class=\"elementor-widget-container\">\n\t\t\t\t\t\t\t<div class=\"elementor-image-gallery\">\n\t\t\t<div id='gallery-1' class='gallery galleryid-49 gallery-columns-2 gallery-size-thumbnail'><figure class='gallery-item'>\n\t\t\t<div class='gallery-icon landscape'>\n\t\t\t\t<a data-elementor-open-lightbox=\"yes\" data-elementor-lightbox-slideshow=\"e3e25eb\" data-elementor-lightbox-title=\"c62f4b1d1d480792da1e580e05038680--retail-displays-product-display\" data-e-action-hash=\"#elementor-action%3Aaction%3Dlightbox%26settings%3DeyJpZCI6MTMsInVybCI6Imh0dHBzOlwvXC90YWJsaXRhLmV1XC9sdFwvd3AtY29udGVudFwvdXBsb2Fkc1wvMjAxOVwvMTJcL2M2MmY0YjFkMWQ0ODA3OTJkYTFlNTgwZTA1MDM4NjgwLXJldGFpbC1kaXNwbGF5cy1wcm9kdWN0LWRpc3BsYXkuanBnIiwic2xpZGVzaG93IjoiZTNlMjVlYiJ9\" href='https:\/\/tablita.eu\/lt\/wp-content\/uploads\/2019\/12\/c62f4b1d1d480792da1e580e05038680-retail-displays-product-display.jpg'><img decoding=\"async\" width=\"150\" height=\"150\" src=\"https:\/\/tablita.eu\/lt\/wp-content\/uploads\/2019\/12\/c62f4b1d1d480792da1e580e05038680-retail-displays-product-display-150x150.jpg\" class=\"attachment-thumbnail size-thumbnail\" alt=\"\" srcset=\"https:\/\/tablita.eu\/lt\/wp-content\/uploads\/2019\/12\/c62f4b1d1d480792da1e580e05038680-retail-displays-product-display-150x150.jpg 150w, https:\/\/tablita.eu\/lt\/wp-content\/uploads\/2019\/12\/c62f4b1d1d480792da1e580e05038680-retail-displays-product-display-300x300.jpg 300w, https:\/\/tablita.eu\/lt\/wp-content\/uploads\/2019\/12\/c62f4b1d1d480792da1e580e05038680-retail-displays-product-display.jpg 736w\" sizes=\"(max-width: 150px) 100vw, 150px\" \/><\/a>\n\t\t\t<\/div><\/figure><figure class='gallery-item'>\n\t\t\t<div class='gallery-icon landscape'>\n\t\t\t\t<a data-elementor-open-lightbox=\"yes\" data-elementor-lightbox-slideshow=\"e3e25eb\" data-elementor-lightbox-title=\"custom-display-strips\" data-e-action-hash=\"#elementor-action%3Aaction%3Dlightbox%26settings%3DeyJpZCI6MTQsInVybCI6Imh0dHBzOlwvXC90YWJsaXRhLmV1XC9sdFwvd3AtY29udGVudFwvdXBsb2Fkc1wvMjAxOVwvMTJcL2N1c3RvbS1kaXNwbGF5LXN0cmlwcy5qcGciLCJzbGlkZXNob3ciOiJlM2UyNWViIn0%3D\" href='https:\/\/tablita.eu\/lt\/wp-content\/uploads\/2019\/12\/custom-display-strips.jpg'><img loading=\"lazy\" decoding=\"async\" width=\"150\" height=\"150\" src=\"https:\/\/tablita.eu\/lt\/wp-content\/uploads\/2019\/12\/custom-display-strips-150x150.jpg\" class=\"attachment-thumbnail size-thumbnail\" alt=\"\" \/><\/a>\n\t\t\t<\/div><\/figure><figure class='gallery-item'>\n\t\t\t<div class='gallery-icon landscape'>\n\t\t\t\t<a data-elementor-open-lightbox=\"yes\" data-elementor-lightbox-slideshow=\"e3e25eb\" data-elementor-lightbox-title=\"interior-tab2\" data-e-action-hash=\"#elementor-action%3Aaction%3Dlightbox%26settings%3DeyJpZCI6MTYsInVybCI6Imh0dHBzOlwvXC90YWJsaXRhLmV1XC9sdFwvd3AtY29udGVudFwvdXBsb2Fkc1wvMjAxOVwvMTJcL2ludGVyaW9yLXRhYjIuanBnIiwic2xpZGVzaG93IjoiZTNlMjVlYiJ9\" href='https:\/\/tablita.eu\/lt\/wp-content\/uploads\/2019\/12\/interior-tab2.jpg'><img loading=\"lazy\" decoding=\"async\" width=\"150\" height=\"150\" src=\"https:\/\/tablita.eu\/lt\/wp-content\/uploads\/2019\/12\/interior-tab2-150x150.jpg\" class=\"attachment-thumbnail size-thumbnail\" alt=\"\" \/><\/a>\n\t\t\t<\/div><\/figure><figure class='gallery-item'>\n\t\t\t<div class='gallery-icon portrait'>\n\t\t\t\t<a data-elementor-open-lightbox=\"yes\" data-elementor-lightbox-slideshow=\"e3e25eb\" data-elementor-lightbox-title=\"fitbit-callout-4\" data-e-action-hash=\"#elementor-action%3Aaction%3Dlightbox%26settings%3DeyJpZCI6MTUsInVybCI6Imh0dHBzOlwvXC90YWJsaXRhLmV1XC9sdFwvd3AtY29udGVudFwvdXBsb2Fkc1wvMjAxOVwvMTJcL2ZpdGJpdC1jYWxsb3V0LTQuanBnIiwic2xpZGVzaG93IjoiZTNlMjVlYiJ9\" href='https:\/\/tablita.eu\/lt\/wp-content\/uploads\/2019\/12\/fitbit-callout-4.jpg'><img loading=\"lazy\" decoding=\"async\" width=\"150\" height=\"150\" src=\"https:\/\/tablita.eu\/lt\/wp-content\/uploads\/2019\/12\/fitbit-callout-4-150x150.jpg\" class=\"attachment-thumbnail size-thumbnail\" alt=\"\" \/><\/a>\n\t\t\t<\/div><\/figure>\n\t\t<\/div>\n\t\t<\/div>\n\t\t\t\t\t\t<\/div>\n\t\t\t\t<\/div>\n\t\t\t\t\t<\/div>\n\t\t<\/div>\n\t\t\t\t<div class=\"elementor-column elementor-col-50 elementor-top-column elementor-element elementor-element-f0ccc37\" data-id=\"f0ccc37\" data-element_type=\"column\">\n\t\t\t<div class=\"elementor-widget-wrap elementor-element-populated\">\n\t\t\t\t\t\t<div class=\"elementor-element elementor-element-fb3a14c elementor-widget elementor-widget-text-editor\" data-id=\"fb3a14c\" data-element_type=\"widget\" data-widget_type=\"text-editor.default\">\n\t\t\t\t<div class=\"elementor-widget-container\">\n\t\t\t\t\t\t\t\t\t<p><span style=\"font-size: 14pt;\">M\u016bs\u0173 istorija prasid\u0117jo prie\u0161 20 met\u0173, kuomet prad\u0117jome bendradarbiauti su pasaulinio lygio prekiniu \u017eenklu DO-IT ir galiausiai tapome j\u0173 i\u0161skirtiniais partneriais Baltijos regione bei Baltarusijoje.<\/span><\/p><p><span style=\"font-size: 14pt;\">Ilgi darbo metai ir klient\u0173 \u012fvairov\u0117 leido sukaupti ypating\u0105 patirt\u012f\u00a0<em>kabinant<\/em>\u00a0tiek standartines, t\u016bkstan\u010diais skai\u010diuojamas prekes prekybos centruose, tiek ma\u017e\u0173 apim\u010di\u0173 ni\u0161inius produktus.<\/span><\/p><p><span style=\"font-size: 14pt;\">M\u016bs\u0173 preki\u0173 asortiment\u0105 sudaro\u00a0 beveik 300 skirting\u0173 pozicij\u0173. Jas visas galite pamatyti m\u016bs\u0173\u00a0<a href=\"https:\/\/tablita.eu\/lt\/katalogas\/\">kataloge<\/a>, o u\u017esisakyti &#8211;\u00a0<a href=\"https:\/\/tablita.eu\/lt\/kontaktai\/\">susisiek\u0119\u00a0<\/a>su m\u016bs\u0173 komanda.<\/span><\/p><p><span style=\"font-size: 14pt;\">\u0160iuo metu m\u016bs\u0173 pagrindin\u0117 b\u016bstin\u0117 yra Vilniuje, ta\u010diau gaminiai Jus gali pasiekti bet kuriame Baltijos regiono ar Baltarusijos ta\u0161ke.<\/span><\/p>\t\t\t\t\t\t\t\t<\/div>\n\t\t\t\t<\/div>\n\t\t\t\t\t<\/div>\n\t\t<\/div>\n\t\t\t\t\t<\/div>\n\t\t<\/section>\n\t\t\t\t<section class=\"elementor-section elementor-top-section elementor-element elementor-element-8117496 elementor-section-stretched elementor-section-full_width elementor-section-height-min-height elementor-section-height-default elementor-section-items-middle\" data-id=\"8117496\" data-element_type=\"section\" data-settings=\"{&quot;stretch_section&quot;:&quot;section-stretched&quot;,&quot;background_background&quot;:&quot;classic&quot;}\">\n\t\t\t\t\t\t<div class=\"elementor-container elementor-column-gap-default\">\n\t\t\t\t\t<div class=\"elementor-column elementor-col-100 elementor-top-column elementor-element elementor-element-1a709e1\" data-id=\"1a709e1\" data-element_type=\"column\">\n\t\t\t<div class=\"elementor-widget-wrap elementor-element-populated\">\n\t\t\t\t\t\t<div class=\"elementor-element elementor-element-7e627f5 elementor-widget elementor-widget-text-editor\" data-id=\"7e627f5\" data-element_type=\"widget\" data-widget_type=\"text-editor.default\">\n\t\t\t\t<div class=\"elementor-widget-container\">\n\t\t\t\t\t\t\t\t\t<p style=\"text-align: center;\"><span style=\"font-size: 28pt; font-family: Helvetica; color: #333333;\">DAUGIAU APIE PRODUKTUS<\/span><\/p>\t\t\t\t\t\t\t\t<\/div>\n\t\t\t\t<\/div>\n\t\t\t\t\t<\/div>\n\t\t<\/div>\n\t\t\t\t\t<\/div>\n\t\t<\/section>\n\t\t\t\t<section class=\"elementor-section elementor-top-section elementor-element elementor-element-704f378 elementor-section-stretched elementor-section-boxed elementor-section-height-default elementor-section-height-default\" data-id=\"704f378\" data-element_type=\"section\" data-settings=\"{&quot;stretch_section&quot;:&quot;section-stretched&quot;}\">\n\t\t\t\t\t\t<div class=\"elementor-container elementor-column-gap-default\">\n\t\t\t\t\t<div class=\"elementor-column elementor-col-50 elementor-top-column elementor-element elementor-element-5350377\" data-id=\"5350377\" data-element_type=\"column\">\n\t\t\t<div class=\"elementor-widget-wrap elementor-element-populated\">\n\t\t\t\t\t\t<div class=\"elementor-element elementor-element-fc200d0 elementor-widget elementor-widget-video\" data-id=\"fc200d0\" data-element_type=\"widget\" data-settings=\"{&quot;youtube_url&quot;:&quot;https:\\\/\\\/www.youtube.com\\\/watch?v=IAPY7_c8jd8&amp;feature=emb_title&quot;,&quot;video_type&quot;:&quot;youtube&quot;,&quot;controls&quot;:&quot;yes&quot;}\" data-widget_type=\"video.default\">\n\t\t\t\t<div class=\"elementor-widget-container\">\n\t\t\t\t\t\t\t<div class=\"elementor-wrapper elementor-open-inline\">\n\t\t\t<div class=\"elementor-video\"><\/div>\t\t<\/div>\n\t\t\t\t\t\t<\/div>\n\t\t\t\t<\/div>\n\t\t\t\t\t<\/div>\n\t\t<\/div>\n\t\t\t\t<div class=\"elementor-column elementor-col-50 elementor-top-column elementor-element elementor-element-e3e5978\" data-id=\"e3e5978\" data-element_type=\"column\">\n\t\t\t<div class=\"elementor-widget-wrap elementor-element-populated\">\n\t\t\t\t\t\t<div class=\"elementor-element elementor-element-ebf98dc elementor-widget elementor-widget-video\" data-id=\"ebf98dc\" data-element_type=\"widget\" data-settings=\"{&quot;youtube_url&quot;:&quot;https:\\\/\\\/www.youtube.com\\\/watch?v=DN8m1dvrOiU&amp;feature=emb_title&quot;,&quot;video_type&quot;:&quot;youtube&quot;,&quot;controls&quot;:&quot;yes&quot;}\" data-widget_type=\"video.default\">\n\t\t\t\t<div class=\"elementor-widget-container\">\n\t\t\t\t\t\t\t<div class=\"elementor-wrapper elementor-open-inline\">\n\t\t\t<div class=\"elementor-video\"><\/div>\t\t<\/div>\n\t\t\t\t\t\t<\/div>\n\t\t\t\t<\/div>\n\t\t\t\t\t<\/div>\n\t\t<\/div>\n\t\t\t\t\t<\/div>\n\t\t<\/section>\n\t\t\t\t<section class=\"elementor-section elementor-top-section elementor-element elementor-element-1f9c373 elementor-section-boxed elementor-section-height-default elementor-section-height-default\" data-id=\"1f9c373\" data-element_type=\"section\">\n\t\t\t\t\t\t<div class=\"elementor-container elementor-column-gap-default\">\n\t\t\t\t\t<div class=\"elementor-column elementor-col-100 elementor-top-column elementor-element elementor-element-429e671\" data-id=\"429e671\" data-element_type=\"column\">\n\t\t\t<div class=\"elementor-widget-wrap elementor-element-populated\">\n\t\t\t\t\t\t<div class=\"elementor-element elementor-element-2340baf elementor-button-info elementor-align-center elementor-widget elementor-widget-button\" data-id=\"2340baf\" data-element_type=\"widget\" data-widget_type=\"button.default\">\n\t\t\t\t<div class=\"elementor-widget-container\">\n\t\t\t\t\t\t\t\t\t<div class=\"elementor-button-wrapper\">\n\t\t\t\t\t<a class=\"elementor-button elementor-button-link elementor-size-xl\" href=\"https:\/\/tablita.eu\/lt\/kontaktai\/\">\n\t\t\t\t\t\t<span class=\"elementor-button-content-wrapper\">\n\t\t\t\t\t\t\t\t\t<span class=\"elementor-button-text\">KONTAKTAI <\/span>\n\t\t\t\t\t<\/span>\n\t\t\t\t\t<\/a>\n\t\t\t\t<\/div>\n\t\t\t\t\t\t\t\t<\/div>\n\t\t\t\t<\/div>\n\t\t\t\t\t<\/div>\n\t\t<\/div>\n\t\t\t\t\t<\/div>\n\t\t<\/section>\n\t\t\t\t<section class=\"elementor-section elementor-top-section elementor-element elementor-element-ef502f7 elementor-section-stretched elementor-section-boxed elementor-section-height-default elementor-section-height-default\" data-id=\"ef502f7\" data-element_type=\"section\" data-settings=\"{&quot;stretch_section&quot;:&quot;section-stretched&quot;}\">\n\t\t\t\t\t\t<div class=\"elementor-container elementor-column-gap-default\">\n\t\t\t\t\t<div class=\"elementor-column elementor-col-100 elementor-top-column elementor-element elementor-element-0c8f084\" data-id=\"0c8f084\" data-element_type=\"column\">\n\t\t\t<div class=\"elementor-widget-wrap elementor-element-populated\">\n\t\t\t\t\t\t<div class=\"elementor-element elementor-element-f481c42 elementor-widget elementor-widget-text-editor\" data-id=\"f481c42\" data-element_type=\"widget\" data-widget_type=\"text-editor.default\">\n\t\t\t\t<div class=\"elementor-widget-container\">\n\t\t\t\t\t\t\t\t\t<p style=\"text-align: center;\"><span style=\"font-size: 36pt;\">KUO SKIRIAM\u0116S NUO KIT\u0172 TIEK\u0116J\u0172?<\/span><\/p>\t\t\t\t\t\t\t\t<\/div>\n\t\t\t\t<\/div>\n\t\t\t\t<div class=\"elementor-element elementor-element-a536bcb elementor-widget elementor-widget-text-editor\" data-id=\"a536bcb\" data-element_type=\"widget\" data-widget_type=\"text-editor.default\">\n\t\t\t\t<div class=\"elementor-widget-container\">\n\t\t\t\t\t\t\t\t\t<p style=\"text-align: center;\">\u200b<span style=\"font-size: 24pt;\">Rinkoje nesame vieninteliai, galintys pasi\u016blyti sprendim\u0105 J\u016bs\u0173 konkre\u010diam poreikiui, ta\u010diau pakankamai pasitikime sava produkcija bei tiek\u0117jais, tad \u017einome, kad b\u016bsime geriausias J\u016bs\u0173 pasirinkimas.<\/span><\/p>\t\t\t\t\t\t\t\t<\/div>\n\t\t\t\t<\/div>\n\t\t\t\t\t<\/div>\n\t\t<\/div>\n\t\t\t\t\t<\/div>\n\t\t<\/section>\n\t\t\t\t<section class=\"elementor-section elementor-top-section elementor-element elementor-element-1e3ea68 elementor-section-stretched elementor-section-boxed elementor-section-height-default elementor-section-height-default\" data-id=\"1e3ea68\" data-element_type=\"section\" data-settings=\"{&quot;stretch_section&quot;:&quot;section-stretched&quot;}\">\n\t\t\t\t\t\t<div class=\"elementor-container elementor-column-gap-default\">\n\t\t\t\t\t<div class=\"elementor-column elementor-col-50 elementor-top-column elementor-element elementor-element-e9137ff\" data-id=\"e9137ff\" data-element_type=\"column\">\n\t\t\t<div class=\"elementor-widget-wrap elementor-element-populated\">\n\t\t\t\t\t\t<div class=\"elementor-element elementor-element-f77196c elementor-widget elementor-widget-text-editor\" data-id=\"f77196c\" data-element_type=\"widget\" data-widget_type=\"text-editor.default\">\n\t\t\t\t<div class=\"elementor-widget-container\">\n\t\t\t\t\t\t\t\t\t<p><span style=\"font-size: 14pt;\"><span style=\"font-size: 24pt;\">ILGAMET\u0116 TIEKIMO GRANDIN\u0116<\/span><\/span><\/p><p><span style=\"font-size: 14pt;\"><br \/><a href=\"https:\/\/www.do-it.com\/about\">DO-IT korporacija<\/a>\u00a0veikia jau 43 metus.\u00a0 Per \u0161\u012f laik\u0105 buvo i\u0161vystyta na\u0161i, kokyb\u0119 bei greit\u012f u\u017etikrinanti tiekimo grandin\u0117, savyje turinti tiek k\u016brybos bei gaminimo, tiek testavimo padalinius.\u00a0<\/span><\/p><p><br \/><span style=\"font-size: 14pt;\">Ma\u017ei fabrikai ar spaustuv\u0117s gali bandyti atkartoti \u0161io produkto form\u0105 ar funkcij\u0105, ta\u010diau patikimai sukurt\u0105 preki\u0173 laikikl\u012f Jums pasi\u016blys tik ilgamet\u0119 gamybos, testavimo bei realaus pasaulio praktik\u0105 turinti kompanija.<\/span><\/p>\t\t\t\t\t\t\t\t<\/div>\n\t\t\t\t<\/div>\n\t\t\t\t\t<\/div>\n\t\t<\/div>\n\t\t\t\t<div class=\"elementor-column elementor-col-50 elementor-top-column elementor-element elementor-element-b3e6eef\" data-id=\"b3e6eef\" data-element_type=\"column\">\n\t\t\t<div class=\"elementor-widget-wrap elementor-element-populated\">\n\t\t\t\t\t\t<div class=\"elementor-element elementor-element-440e9a4 elementor-widget elementor-widget-text-editor\" data-id=\"440e9a4\" data-element_type=\"widget\" data-widget_type=\"text-editor.default\">\n\t\t\t\t<div class=\"elementor-widget-container\">\n\t\t\t\t\t\t\t\t\t<p><span style=\"font-size: 14pt;\"><span style=\"font-size: 24pt;\">KAINOS ir GARANTIJOS PASI\u016aLA<\/span><\/span><\/p><p><span style=\"font-size: 14pt;\">DO-IT plastikiniai kabliukai ir\u00a0<strong><em>preki\u0173 laikiklai<\/em><\/strong>\u00a0yra parduodami visame pasaulyje. D\u0117ka to, korporacijos gamybos apyvartos yra mil\u017eini\u0161kos ir tai leid\u017eia pasi\u016blyti geriausi\u0105 kain\u0105 &#8211; tiek vienetui, tiek t\u016bkstantinei pakuotei.<\/span><\/p><p><span style=\"font-size: 14pt;\">Kiekvienas DO-IT\u00a0<a href=\"https:\/\/tablita.eu\/lt\/katalogas\/\">kataloge\u00a0<\/a>esantis produktas yra ma\u017eiausiai vienerius metus praleid\u0119s realaus pasaulio testuose, tad turi ne tik kompanijos pasitik\u0117jim\u0105, bet ir garantin\u012f aptarnavim\u0105.<\/span><\/p>\t\t\t\t\t\t\t\t<\/div>\n\t\t\t\t<\/div>\n\t\t\t\t\t<\/div>\n\t\t<\/div>\n\t\t\t\t\t<\/div>\n\t\t<\/section>\n\t\t\t\t<\/div>\n\t\t","protected":false},"excerpt":{"rendered":"<p>Tablita EN Mes esame,Oficialus do-it produkcijos tiek\u0117jas Lietuvoje.\u00a0 PREKI\u0172 LAIKIKLIAI IR KITI SPRENDIMAI Prekiaujame plastikiniais lipniais kabliukais, skirtais pakabinti \u012fvairi\u0173 i\u0161matavim\u0173 bei svorio prekes prekybos stenduose. Jeigu J\u016bs\u0173 gaminio pakuot\u0117je &#8222;n\u0117ra u\u017e ko j\u0105 pagaminti&#8221; &#8211; tuomet galime jums pad\u0117ti! M\u016bs\u0173 istorija prasid\u0117jo prie\u0161 20 met\u0173, kuomet prad\u0117jome bendradarbiauti su pasaulinio lygio prekiniu \u017eenklu DO-IT [&hellip;]<\/p>\n","protected":false},"author":1,"featured_media":0,"parent":0,"menu_order":0,"comment_status":"closed","ping_status":"closed","template":"","meta":{"zakra_sidebar_layout":"stretched","zakra_remove_content_margin":false,"zakra_sidebar":"customizer","zakra_transparent_header":"customizer","zakra_logo":0,"zakra_main_header_style":"default","zakra_menu_item_color":"","zakra_menu_item_hover_color":"","zakra_menu_item_active_color":"","zakra_menu_active_style":"","zakra_page_header":true,"footnotes":""},"class_list":["post-49","page","type-page","status-publish","hentry"],"_links":{"self":[{"href":"https:\/\/tablita.eu\/lt\/wp-json\/wp\/v2\/pages\/49","targetHints":{"allow":["GET"]}}],"collection":[{"href":"https:\/\/tablita.eu\/lt\/wp-json\/wp\/v2\/pages"}],"about":[{"href":"https:\/\/tablita.eu\/lt\/wp-json\/wp\/v2\/types\/page"}],"author":[{"embeddable":true,"href":"https:\/\/tablita.eu\/lt\/wp-json\/wp\/v2\/users\/1"}],"replies":[{"embeddable":true,"href":"https:\/\/tablita.eu\/lt\/wp-json\/wp\/v2\/comments?post=49"}],"version-history":[{"count":57,"href":"https:\/\/tablita.eu\/lt\/wp-json\/wp\/v2\/pages\/49\/revisions"}],"predecessor-version":[{"id":351,"href":"https:\/\/tablita.eu\/lt\/wp-json\/wp\/v2\/pages\/49\/revisions\/351"}],"wp:attachment":[{"href":"https:\/\/tablita.eu\/lt\/wp-json\/wp\/v2\/media?parent=49"}],"curies":[{"name":"wp","href":"https:\/\/api.w.org\/{rel}","templated":true}]}}